{"id":283,"date":"2025-05-18T06:02:52","date_gmt":"2025-05-18T06:02:52","guid":{"rendered":"http:\/\/tranincometax.com\/?page_id=283"},"modified":"2025-05-18T06:02:58","modified_gmt":"2025-05-18T06:02:58","slug":"services","status":"publish","type":"page","link":"https:\/\/tranincometax.com\/en\/services\/","title":{"rendered":"Services"},"content":{"rendered":"<div class=\"wp-block-uagb-container uagb-block-94148ffa alignfull uagb-is-root-container\"><div class=\"uagb-container-inner-blocks-wrap\">\n<div class=\"wp-block-uagb-advanced-heading uagb-block-482ce1a0\"><h1 class=\"uagb-heading-text\">D\u1ecbch V\u1ee5 T\u00e0i Ch\u00ednh<\/h1><div class=\"uagb-separator\"><\/div><\/div>\n<\/div><\/div>\n\n\n\n<div class=\"wp-block-uagb-container uagb-layout-grid uagb-block-caf63293 alignfull uagb-is-root-container\"><div class=\"uagb-container-inner-blocks-wrap\">\n<div class=\"wp-block-uagb-container uagb-block-9285b188\">\n<div class=\"wp-block-uagb-image uagb-block-20c5a042 wp-block-uagb-image--layout-default wp-block-uagb-image--effect-static wp-block-uagb-image--align-none\"><figure class=\"wp-block-uagb-image__figure\"><img decoding=\"async\" srcset=\"https:\/\/tranincometax.com\/wp-content\/uploads\/2025\/05\/pexels-photo-6863260.jpeg ,https:\/\/tranincometax.com\/wp-content\/uploads\/2025\/05\/pexels-photo-6863260.jpeg 780w, https:\/\/tranincometax.com\/wp-content\/uploads\/2025\/05\/pexels-photo-6863260.jpeg 360w\" sizes=\"auto, (max-width: 480px) 150px\" src=\"https:\/\/tranincometax.com\/wp-content\/uploads\/2025\/05\/pexels-photo-6863260.jpeg\" alt=\"\" class=\"uag-image-7\" width=\"594\" height=\"350\" title=\"services-01\" loading=\"lazy\" role=\"img\"\/><\/figure><\/div>\n\n\n\n<div class=\"wp-block-uagb-advanced-heading uagb-block-7a29683e\"><h2 class=\"uagb-heading-text\">Tax Services<\/h2><div class=\"uagb-separator\"><\/div><p class=\"uagb-desc-text\">Ch\u00fang t\u00f4i cung c\u1ea5p d\u1ecbch v\u1ee5 thu\u1ebf chuy\u00ean nghi\u1ec7p cho c\u00e1 nh\u00e2n v\u00e0 doanh nghi\u1ec7p, gi\u00fap kh\u00e1ch h\u00e0ng t\u1ed1i \u01b0u h\u00f3a thu\u1ebf v\u00e0 \u0111\u1ea3m b\u1ea3o tu\u00e2n th\u1ee7 \u0111\u00fang quy \u0111\u1ecbnh c\u1ee7a ph\u00e1p lu\u1eadt.<\/p><\/div>\n<\/div>\n\n\n\n<div class=\"wp-block-uagb-container uagb-block-d5e7b371\">\n<div class=\"wp-block-uagb-image uagb-block-00530e37 wp-block-uagb-image--layout-default wp-block-uagb-image--effect-static wp-block-uagb-image--align-none\"><figure class=\"wp-block-uagb-image__figure\"><img decoding=\"async\" srcset=\"https:\/\/tranincometax.com\/wp-content\/uploads\/2025\/05\/pexels-photo-5980584.jpeg ,https:\/\/tranincometax.com\/wp-content\/uploads\/2025\/05\/pexels-photo-5980584.jpeg 780w, https:\/\/tranincometax.com\/wp-content\/uploads\/2025\/05\/pexels-photo-5980584.jpeg 360w\" sizes=\"auto, (max-width: 480px) 150px\" src=\"https:\/\/tranincometax.com\/wp-content\/uploads\/2025\/05\/pexels-photo-5980584.jpeg\" alt=\"\" class=\"uag-image-8\" width=\"594\" height=\"500\" title=\"services-02\" loading=\"lazy\" role=\"img\"\/><\/figure><\/div>\n\n\n\n<div class=\"wp-block-uagb-advanced-heading uagb-block-00bb50a9\"><h2 class=\"uagb-heading-text\">Financial Insurance<\/h2><div class=\"uagb-separator\"><\/div><p class=\"uagb-desc-text\">TRAN Financial Services cung c\u1ea5p c\u00e1c gi\u1ea3i ph\u00e1p b\u1ea3o hi\u1ec3m t\u00e0i ch\u00ednh ph\u00f9 h\u1ee3p, gi\u00fap b\u1ea3o v\u1ec7 t\u00e0i s\u1ea3n c\u1ee7a b\u1ea1n v\u00e0 \u0111\u1ea3m b\u1ea3o an ninh t\u00e0i ch\u00ednh trong t\u01b0\u01a1ng lai.<\/p><\/div>\n<\/div>\n\n\n\n<div class=\"wp-block-uagb-container uagb-block-628815f7\">\n<div class=\"wp-block-uagb-image uagb-block-dbac32c9 wp-block-uagb-image--layout-default wp-block-uagb-image--effect-static wp-block-uagb-image--align-none\"><figure class=\"wp-block-uagb-image__figure\"><img decoding=\"async\" srcset=\"https:\/\/tranincometax.com\/wp-content\/uploads\/2025\/05\/pexels-photo-6863282.jpeg ,https:\/\/tranincometax.com\/wp-content\/uploads\/2025\/05\/pexels-photo-6863282.jpeg 780w, https:\/\/tranincometax.com\/wp-content\/uploads\/2025\/05\/pexels-photo-6863282.jpeg 360w\" sizes=\"auto, (max-width: 480px) 150px\" src=\"https:\/\/tranincometax.com\/wp-content\/uploads\/2025\/05\/pexels-photo-6863282.jpeg\" alt=\"\" class=\"uag-image-9\" width=\"594\" height=\"500\" title=\"services-03\" loading=\"lazy\" role=\"img\"\/><\/figure><\/div>\n\n\n\n<div class=\"wp-block-uagb-advanced-heading uagb-block-b0c45bf6\"><h2 class=\"uagb-heading-text\">Financial Consulting<\/h2><div class=\"uagb-separator\"><\/div><p class=\"uagb-desc-text\">\u0110\u1ed9i ng\u0169 chuy\u00ean gia c\u1ee7a ch\u00fang t\u00f4i cung c\u1ea5p d\u1ecbch v\u1ee5 t\u01b0 v\u1ea5n t\u00e0i ch\u00ednh to\u00e0n di\u1ec7n, gi\u00fap b\u1ea1n l\u1eadp k\u1ebf ho\u1ea1ch v\u00e0 qu\u1ea3n l\u00fd t\u00e0i ch\u00ednh c\u00e1 nh\u00e2n ho\u1eb7c doanh nghi\u1ec7p m\u1ed9t c\u00e1ch hi\u1ec7u qu\u1ea3.<\/p><\/div>\n<\/div>\n\n\n\n<div class=\"wp-block-uagb-container uagb-block-a94242b0\">\n<div class=\"wp-block-uagb-image uagb-block-d8e7c5b9 wp-block-uagb-image--layout-default wp-block-uagb-image--effect-static wp-block-uagb-image--align-none\"><figure class=\"wp-block-uagb-image__figure\"><img decoding=\"async\" srcset=\"https:\/\/tranincometax.com\/wp-content\/uploads\/2025\/05\/pexels-photo-7111544.jpeg ,https:\/\/tranincometax.com\/wp-content\/uploads\/2025\/05\/pexels-photo-7111544.jpeg 780w, https:\/\/tranincometax.com\/wp-content\/uploads\/2025\/05\/pexels-photo-7111544.jpeg 360w\" sizes=\"auto, (max-width: 480px) 150px\" src=\"https:\/\/tranincometax.com\/wp-content\/uploads\/2025\/05\/pexels-photo-7111544.jpeg\" alt=\"\" class=\"uag-image-10\" width=\"594\" height=\"350\" title=\"services-04\" loading=\"lazy\" role=\"img\"\/><\/figure><\/div>\n\n\n\n<div class=\"wp-block-uagb-advanced-heading uagb-block-d86928e9\"><h2 class=\"uagb-heading-text\">Qu\u1ea3n l\u00fd \u0111\u1ea7u t\u01b0<\/h2><div class=\"uagb-separator\"><\/div><p class=\"uagb-desc-text\">Ch\u00fang t\u00f4i h\u1ed7 tr\u1ee3 kh\u00e1ch h\u00e0ng trong vi\u1ec7c \u0111\u1ea7u t\u01b0 th\u00f4ng minh, v\u1edbi chi\u1ebfn l\u01b0\u1ee3c v\u00e0 ph\u00e2n t\u00edch chuy\u00ean s\u00e2u, nh\u1eb1m t\u1ed1i \u0111a h\u00f3a l\u1ee3i su\u1ea5t v\u00e0 gi\u1ea3m thi\u1ec3u r\u1ee7i ro \u0111\u1ea7u t\u01b0.<\/p><\/div>\n<\/div>\n<\/div><\/div>\n\n\n\n<div class=\"wp-block-uagb-container uagb-block-381422f4 alignfull uagb-is-root-container\"><div class=\"uagb-container-inner-blocks-wrap\">\n<div class=\"wp-block-uagb-info-box uagb-block-fa702b80 uagb-infobox__content-wrap  uagb-infobox-icon-above-title uagb-infobox-image-valign-top wp-block-uagb-info-box--has-margin\"><div class=\"uagb-infobox-margin-wrapper\"><div class=\"uagb-ifb-content\"><div class=\"uagb-ifb-title-wrap\"><div class=\"uagb-ifb-separator\"><\/div><h2 class=\"uagb-ifb-title\">Contact Us Today!<\/h2><\/div><p class=\"uagb-ifb-desc\">Don\u2019t miss the opportunity to improve your financial management with the most effective solutions.<\/p><div class=\"uagb-ifb-button-wrapper wp-block-button\"><a href=\"\/en\/contact\/\" class=\"uagb-infobox-cta-link wp-block-button__link\" target=\"_self\" rel=\"noopener noreferrer\" onclick=\"return true;\" alt=\"\"><span class=\"uagb-inline-editing\">Contact Now<\/span><\/a><\/div><\/div><\/div><\/div>\n<\/div><\/div>","protected":false},"excerpt":{"rendered":"<p>D\u1ecbch V\u1ee5 T\u00e0i Ch\u00ednh D\u1ecbch v\u1ee5 thu\u1ebf Ch\u00fang t\u00f4i cung c\u1ea5p d\u1ecbch v\u1ee5 thu\u1ebf chuy\u00ean nghi\u1ec7p cho c\u00e1 nh\u00e2n v\u00e0 [&hellip;]<\/p>","protected":false},"author":1,"featured_media":0,"parent":0,"menu_order":0,"comment_status":"closed","ping_status":"closed","template":"","meta":{"_uag_custom_page_level_css":"","site-sidebar-layout":"default","site-content-layout":"","ast-site-content-layout":"","site-content-style":"default","site-sidebar-style":"default","ast-global-header-display":"","ast-banner-title-visibility":"","ast-main-header-display":"","ast-hfb-above-header-display":"","ast-hfb-below-header-display":"","ast-hfb-mobile-header-display":"","site-post-title":"disabled","ast-breadcrumbs-content":"","ast-featured-img":"","footer-sml-layout":"","theme-transparent-header-meta":"enabled","adv-header-id-meta":"","stick-header-meta":"","header-above-stick-meta":"","header-main-stick-meta":"","header-below-stick-meta":"","astra-migrate-meta-layouts":"default","ast-page-background-enabled":"default","ast-page-background-meta":{"desktop":{"background-color":"var(--ast-global-color-4)","background-image":"","background-repeat":"repeat","background-position":"center center","background-size":"auto","background-attachment":"scroll","background-type":"","background-media":"","overlay-type":"","overlay-color":"","overlay-opacity":"","overlay-gradient":""},"tablet":{"background-color":"","background-image":"","background-repeat":"repeat","background-position":"center center","background-size":"auto","background-attachment":"scroll","background-type":"","background-media":"","overlay-type":"","overlay-color":"","overlay-opacity":"","overlay-gradient":""},"mobile":{"background-color":"","background-image":"","background-repeat":"repeat","background-position":"center center","background-size":"auto","background-attachment":"scroll","background-type":"","background-media":"","overlay-type":"","overlay-color":"","overlay-opacity":"","overlay-gradient":""}},"ast-content-background-meta":{"desktop":{"background-color":"var(--ast-global-color-5)","background-image":"","background-repeat":"repeat","background-position":"center center","background-size":"auto","background-attachment":"scroll","background-type":"","background-media":"","overlay-type":"","overlay-color":"","overlay-opacity":"","overlay-gradient":""},"tablet":{"background-color":"var(--ast-global-color-5)","background-image":"","background-repeat":"repeat","background-position":"center center","background-size":"auto","background-attachment":"scroll","background-type":"","background-media":"","overlay-type":"","overlay-color":"","overlay-opacity":"","overlay-gradient":""},"mobile":{"background-color":"var(--ast-global-color-5)","background-image":"","background-repeat":"repeat","background-position":"center center","background-size":"auto","background-attachment":"scroll","background-type":"","background-media":"","overlay-type":"","overlay-color":"","overlay-opacity":"","overlay-gradient":""}},"footnotes":""},"class_list":["post-283","page","type-page","status-publish","hentry"],"uagb_featured_image_src":{"full":false,"thumbnail":false,"medium":false,"medium_large":false,"large":false,"1536x1536":false,"2048x2048":false,"trp-custom-language-flag":false},"uagb_author_info":{"display_name":"hieule9999","author_link":"https:\/\/tranincometax.com\/en\/author\/hieule9999\/"},"uagb_comment_info":0,"uagb_excerpt":"D\u1ecbch V\u1ee5 T\u00e0i Ch\u00ednh D\u1ecbch v\u1ee5 thu\u1ebf Ch\u00fang t\u00f4i cung c\u1ea5p d\u1ecbch v\u1ee5 thu\u1ebf chuy\u00ean nghi\u1ec7p cho c\u00e1 nh\u00e2n v\u00e0 [&hellip;]","_links":{"self":[{"href":"https:\/\/tranincometax.com\/en\/wp-json\/wp\/v2\/pages\/283","targetHints":{"allow":["GET"]}}],"collection":[{"href":"https:\/\/tranincometax.com\/en\/wp-json\/wp\/v2\/pages"}],"about":[{"href":"https:\/\/tranincometax.com\/en\/wp-json\/wp\/v2\/types\/page"}],"author":[{"embeddable":true,"href":"https:\/\/tranincometax.com\/en\/wp-json\/wp\/v2\/users\/1"}],"replies":[{"embeddable":true,"href":"https:\/\/tranincometax.com\/en\/wp-json\/wp\/v2\/comments?post=283"}],"version-history":[{"count":3,"href":"https:\/\/tranincometax.com\/en\/wp-json\/wp\/v2\/pages\/283\/revisions"}],"predecessor-version":[{"id":623,"href":"https:\/\/tranincometax.com\/en\/wp-json\/wp\/v2\/pages\/283\/revisions\/623"}],"wp:attachment":[{"href":"https:\/\/tranincometax.com\/en\/wp-json\/wp\/v2\/media?parent=283"}],"curies":[{"name":"wp","href":"https:\/\/api.w.org\/{rel}","templated":true}]}}