{"id":282,"date":"2025-05-18T06:02:52","date_gmt":"2025-05-18T06:02:52","guid":{"rendered":"http:\/\/tranincometax.com\/?page_id=282"},"modified":"2025-05-18T06:02:58","modified_gmt":"2025-05-18T06:02:58","slug":"about","status":"publish","type":"page","link":"https:\/\/tranincometax.com\/en\/about\/","title":{"rendered":"About"},"content":{"rendered":"<div class=\"wp-block-uagb-container uagb-block-94148ffa alignfull uagb-is-root-container\"><div class=\"uagb-container-inner-blocks-wrap\">\n<div class=\"wp-block-uagb-advanced-heading uagb-block-482ce1a0\"><h1 class=\"uagb-heading-text\">Gi\u1edbi Thi\u1ec7u<\/h1><div class=\"uagb-separator\"><\/div><\/div>\n<\/div><\/div>\n\n\n\n<div class=\"wp-block-uagb-container uagb-block-9079965e alignfull uagb-is-root-container\"><div class=\"uagb-container-inner-blocks-wrap\">\n<div class=\"wp-block-uagb-info-box uagb-block-c97bace5 uagb-infobox__content-wrap  uagb-infobox-icon-above-title uagb-infobox-image-valign-top wp-block-uagb-info-box--has-margin\"><div class=\"uagb-infobox-margin-wrapper\"><div class=\"uagb-ifb-content\"><div class=\"uagb-ifb-title-wrap\"><h2 class=\"uagb-ifb-title-prefix\">V\u1ec1 C\u00f4ng Ty<\/h2><div class=\"uagb-ifb-separator\"><\/div><p class=\"uagb-ifb-title\">TRAN FINANCIAL Services LLC cung c\u1ea5p c\u00e1c gi\u1ea3i ph\u00e1p t\u00e0i ch\u00ednh chuy\u00ean nghi\u1ec7p cho c\u00e1 nh\u00e2n v\u00e0 doanh nghi\u1ec7p.<\/p><\/div><\/div><\/div><\/div>\n\n\n\n<div class=\"wp-block-uagb-container uagb-block-d5e6b2e5\">\n<div class=\"wp-block-uagb-advanced-heading uagb-block-81ce68d0\"><p class=\"uagb-heading-text\">Ch\u00fang t\u00f4i t\u1ef1 h\u00e0o l\u00e0 m\u1ed9t trong nh\u1eefng c\u00f4ng ty t\u00e0i ch\u00ednh h\u00e0ng \u0111\u1ea7u t\u1ea1i M\u1ef9, chuy\u00ean cung c\u1ea5p d\u1ecbch v\u1ee5 thu\u1ebf, b\u1ea3o hi\u1ec3m v\u00e0 t\u01b0 v\u1ea5n t\u00e0i ch\u00ednh. \u0110\u1ed9i ng\u0169 chuy\u00ean gia gi\u00e0u kinh nghi\u1ec7m c\u1ee7a ch\u00fang t\u00f4i cam k\u1ebft h\u1ed7 tr\u1ee3 kh\u00e1ch h\u00e0ng \u0111\u1ea1t \u0111\u01b0\u1ee3c m\u1ee5c ti\u00eau t\u00e0i ch\u00ednh hi\u1ec7u qu\u1ea3 v\u00e0 b\u1ec1n v\u1eefng.<\/p><p class=\"uagb-desc-text\">\u0110\u1ed9i ng\u0169 chuy\u00ean gia t\u00e0i ch\u00ednh gi\u00e0u kinh nghi\u1ec7m v\u00e0 t\u1eadn t\u00e2m.<\/p><\/div>\n\n\n\n<div class=\"wp-block-uagb-advanced-heading uagb-block-9e259342\"><p class=\"uagb-heading-text\">TRAN FINANCIAL Services LLC kh\u00f4ng ch\u1ec9 cung c\u1ea5p d\u1ecbch v\u1ee5, m\u00e0 c\u00f2n x\u00e2y d\u1ef1ng m\u1ed1i quan h\u1ec7 l\u00e2u d\u00e0i v\u1edbi kh\u00e1ch h\u00e0ng d\u1ef1a tr\u00ean s\u1ef1 tin c\u1eady v\u00e0 chuy\u00ean nghi\u1ec7p. Ch\u00fang t\u00f4i lu\u00f4n s\u1eb5n s\u00e0ng l\u1eafng nghe v\u00e0 \u0111\u00e1p \u1ee9ng nhanh ch\u00f3ng m\u1ecdi nhu c\u1ea7u t\u00e0i ch\u00ednh c\u1ee7a kh\u00e1ch h\u00e0ng t\u1eeb nh\u1eefng ng\u00e0y \u0111\u1ea7u th\u00e0nh l\u1eadp.<\/p><p class=\"uagb-desc-text\">Cung c\u1ea5p d\u1ecbch v\u1ee5 t\u00e0i ch\u00ednh \u0111\u00e1ng tin c\u1eady v\u00e0 chuy\u00ean nghi\u1ec7p.<\/p><\/div>\n<\/div>\n<\/div><\/div>\n\n\n\n<div class=\"wp-block-uagb-container uagb-block-47537c36 alignfull uagb-is-root-container\"><div class=\"uagb-container-inner-blocks-wrap\">\n<div class=\"wp-block-uagb-info-box uagb-block-b33e2b2e uagb-infobox__content-wrap  uagb-infobox-icon-above-title uagb-infobox-image-valign-top wp-block-uagb-info-box--has-margin\"><div class=\"uagb-infobox-margin-wrapper\"><div class=\"uagb-ifb-content\"><div class=\"uagb-ifb-title-wrap\"><h2 class=\"uagb-ifb-title-prefix\">L\u1ecbch S\u1eed<\/h2><div class=\"uagb-ifb-separator\"><\/div><p class=\"uagb-ifb-title\">H\u00e0nh Tr\u00ecnh Ph\u00e1t Tri\u1ec3n c\u1ee7a Ch\u00fang T\u00f4i<\/p><\/div><p class=\"uagb-ifb-desc\">TRAN FINANCIAL Services LLC \u0111\u01b0\u1ee3c th\u00e0nh l\u1eadp v\u1edbi s\u1ee9 m\u1ec7nh gi\u00fap \u0111\u1ee1 kh\u00e1ch h\u00e0ng trong vi\u1ec7c qu\u1ea3n l\u00fd t\u00e0i ch\u00ednh. T\u1eeb nh\u1eefng ng\u00e0y \u0111\u1ea7u, ch\u00fang t\u00f4i \u0111\u00e3 x\u00e2y d\u1ef1ng m\u1ed9t \u0111\u1ed9i ng\u0169 chuy\u00ean gia v\u00e0 kh\u00f4ng ng\u1eebng n\u00e2ng cao ch\u1ea5t l\u01b0\u1ee3ng d\u1ecbch v\u1ee5 nh\u1eb1m ph\u1ee5c v\u1ee5 nhu c\u1ea7u ng\u00e0y c\u00e0ng t\u0103ng c\u1ee7a th\u1ecb tr\u01b0\u1eddng. H\u00e0nh tr\u00ecnh c\u1ee7a ch\u00fang t\u00f4i \u0111\u01b0\u1ee3c x\u00e2y d\u1ef1ng tr\u00ean n\u1ec1n t\u1ea3ng c\u1ee7a s\u1ef1 tin c\u1eady v\u00e0 cam k\u1ebft ph\u1ee5c v\u1ee5 kh\u00e1ch h\u00e0ng t\u1ed1t nh\u1ea5t.<\/p><\/div><\/div><\/div>\n<\/div><\/div>\n\n\n\n<div class=\"wp-block-uagb-container uagb-block-fbc31bae alignfull uagb-is-root-container\"><div class=\"uagb-container-inner-blocks-wrap\">\n<div class=\"wp-block-uagb-advanced-heading uagb-block-7a29683e\"><h2 class=\"uagb-heading-text\">\u0110\u1ed9i Ng\u0169 Chuy\u00ean Gia<\/h2><div class=\"uagb-separator\"><\/div><\/div>\n\n\n\n<div class=\"wp-block-uagb-container uagb-block-1f8799dd\">\n<div class=\"wp-block-uagb-container uagb-block-76e33890\">\n<div class=\"wp-block-uagb-image uagb-block-fc68261a wp-block-uagb-image--layout-default wp-block-uagb-image--effect-static wp-block-uagb-image--align-none\"><figure class=\"wp-block-uagb-image__figure\"><img decoding=\"async\" srcset=\"https:\/\/tranincometax.com\/wp-content\/uploads\/2024\/05\/team-skip-01.jpg ,https:\/\/tranincometax.com\/wp-content\/uploads\/2024\/05\/team-skip-01.jpg 780w, https:\/\/tranincometax.com\/wp-content\/uploads\/2024\/05\/team-skip-01.jpg 360w\" sizes=\"auto, (max-width: 480px) 150px\" src=\"https:\/\/tranincometax.com\/wp-content\/uploads\/2024\/05\/team-skip-01.jpg\" alt=\"\" class=\"uag-image-269\" width=\"392\" height=\"400\" title=\"team-skip-01\" loading=\"lazy\" role=\"img\"\/><\/figure><\/div>\n\n\n\n<div class=\"wp-block-uagb-advanced-heading uagb-block-fdf3a9c0\"><h3 class=\"uagb-heading-text\">Martha Oliver<\/h3><p class=\"uagb-desc-text\">Ch\u1ee9c v\u1ee5<\/p><\/div>\n<\/div>\n\n\n\n<div class=\"wp-block-uagb-container uagb-block-1cc82ab3\">\n<div class=\"wp-block-uagb-image uagb-block-1ce291ec wp-block-uagb-image--layout-default wp-block-uagb-image--effect-static wp-block-uagb-image--align-none\"><figure class=\"wp-block-uagb-image__figure\"><img decoding=\"async\" srcset=\"https:\/\/tranincometax.com\/wp-content\/uploads\/2024\/05\/team-skip-02.jpg ,https:\/\/tranincometax.com\/wp-content\/uploads\/2024\/05\/team-skip-02.jpg 780w, https:\/\/tranincometax.com\/wp-content\/uploads\/2024\/05\/team-skip-02.jpg 360w\" sizes=\"auto, (max-width: 480px) 150px\" src=\"https:\/\/tranincometax.com\/wp-content\/uploads\/2024\/05\/team-skip-02.jpg\" alt=\"\" class=\"uag-image-270\" width=\"392\" height=\"400\" title=\"team-skip-02\" loading=\"lazy\" role=\"img\"\/><\/figure><\/div>\n\n\n\n<div class=\"wp-block-uagb-advanced-heading uagb-block-706fd04f\"><h3 class=\"uagb-heading-text\">Andrea Taylor<\/h3><p class=\"uagb-desc-text\">Ch\u1ee9c v\u1ee5<\/p><\/div>\n<\/div>\n\n\n\n<div class=\"wp-block-uagb-container uagb-block-8889f935\">\n<div class=\"wp-block-uagb-image uagb-block-a1675e0b wp-block-uagb-image--layout-default wp-block-uagb-image--effect-static wp-block-uagb-image--align-none\"><figure class=\"wp-block-uagb-image__figure\"><img decoding=\"async\" srcset=\"https:\/\/tranincometax.com\/wp-content\/uploads\/2024\/05\/team-skip-03.jpg ,https:\/\/tranincometax.com\/wp-content\/uploads\/2024\/05\/team-skip-03.jpg 780w, https:\/\/tranincometax.com\/wp-content\/uploads\/2024\/05\/team-skip-03.jpg 360w\" sizes=\"auto, (max-width: 480px) 150px\" src=\"https:\/\/tranincometax.com\/wp-content\/uploads\/2024\/05\/team-skip-03.jpg\" alt=\"\" class=\"uag-image-271\" width=\"392\" height=\"400\" title=\"team-skip-03\" loading=\"lazy\" role=\"img\"\/><\/figure><\/div>\n\n\n\n<div class=\"wp-block-uagb-advanced-heading uagb-block-6223049b\"><h3 class=\"uagb-heading-text\">Diana David<\/h3><p class=\"uagb-desc-text\">Ch\u1ee9c v\u1ee5<\/p><\/div>\n<\/div>\n<\/div>\n<\/div><\/div>\n\n\n\n<div class=\"wp-block-uagb-container uagb-block-381422f4 alignfull uagb-is-root-container\"><div class=\"uagb-container-inner-blocks-wrap\">\n<div class=\"wp-block-uagb-info-box uagb-block-fa702b80 uagb-infobox__content-wrap  uagb-infobox-icon-above-title uagb-infobox-image-valign-top wp-block-uagb-info-box--has-margin\"><div class=\"uagb-infobox-margin-wrapper\"><div class=\"uagb-ifb-content\"><div class=\"uagb-ifb-title-wrap\"><div class=\"uagb-ifb-separator\"><\/div><h2 class=\"uagb-ifb-title\">Contact Us Today!<\/h2><\/div><p class=\"uagb-ifb-desc\">Don\u2019t miss the opportunity to improve your financial management with the most effective solutions.<\/p><div class=\"uagb-ifb-button-wrapper wp-block-button\"><a href=\"\/en\/contact\/\" class=\"uagb-infobox-cta-link wp-block-button__link\" target=\"_self\" rel=\"noopener noreferrer\" onclick=\"return true;\" alt=\"\"><span class=\"uagb-inline-editing\">Contact Now<\/span><\/a><\/div><\/div><\/div><\/div>\n<\/div><\/div>","protected":false},"excerpt":{"rendered":"<p>Gi\u1edbi Thi\u1ec7u Ch\u00fang t\u00f4i t\u1ef1 h\u00e0o l\u00e0 m\u1ed9t trong nh\u1eefng c\u00f4ng ty t\u00e0i ch\u00ednh h\u00e0ng \u0111\u1ea7u t\u1ea1i M\u1ef9, chuy\u00ean cung [&hellip;]<\/p>","protected":false},"author":1,"featured_media":0,"parent":0,"menu_order":0,"comment_status":"closed","ping_status":"closed","template":"","meta":{"_uag_custom_page_level_css":"","site-sidebar-layout":"default","site-content-layout":"","ast-site-content-layout":"","site-content-style":"default","site-sidebar-style":"default","ast-global-header-display":"","ast-banner-title-visibility":"","ast-main-header-display":"","ast-hfb-above-header-display":"","ast-hfb-below-header-display":"","ast-hfb-mobile-header-display":"","site-post-title":"disabled","ast-breadcrumbs-content":"","ast-featured-img":"","footer-sml-layout":"","theme-transparent-header-meta":"enabled","adv-header-id-meta":"","stick-header-meta":"","header-above-stick-meta":"","header-main-stick-meta":"","header-below-stick-meta":"","astra-migrate-meta-layouts":"default","ast-page-background-enabled":"default","ast-page-background-meta":{"desktop":{"background-color":"var(--ast-global-color-4)","background-image":"","background-repeat":"repeat","background-position":"center center","background-size":"auto","background-attachment":"scroll","background-type":"","background-media":"","overlay-type":"","overlay-color":"","overlay-opacity":"","overlay-gradient":""},"tablet":{"background-color":"","background-image":"","background-repeat":"repeat","background-position":"center center","background-size":"auto","background-attachment":"scroll","background-type":"","background-media":"","overlay-type":"","overlay-color":"","overlay-opacity":"","overlay-gradient":""},"mobile":{"background-color":"","background-image":"","background-repeat":"repeat","background-position":"center center","background-size":"auto","background-attachment":"scroll","background-type":"","background-media":"","overlay-type":"","overlay-color":"","overlay-opacity":"","overlay-gradient":""}},"ast-content-background-meta":{"desktop":{"background-color":"var(--ast-global-color-5)","background-image":"","background-repeat":"repeat","background-position":"center center","background-size":"auto","background-attachment":"scroll","background-type":"","background-media":"","overlay-type":"","overlay-color":"","overlay-opacity":"","overlay-gradient":""},"tablet":{"background-color":"var(--ast-global-color-5)","background-image":"","background-repeat":"repeat","background-position":"center center","background-size":"auto","background-attachment":"scroll","background-type":"","background-media":"","overlay-type":"","overlay-color":"","overlay-opacity":"","overlay-gradient":""},"mobile":{"background-color":"var(--ast-global-color-5)","background-image":"","background-repeat":"repeat","background-position":"center center","background-size":"auto","background-attachment":"scroll","background-type":"","background-media":"","overlay-type":"","overlay-color":"","overlay-opacity":"","overlay-gradient":""}},"footnotes":""},"class_list":["post-282","page","type-page","status-publish","hentry"],"uagb_featured_image_src":{"full":false,"thumbnail":false,"medium":false,"medium_large":false,"large":false,"1536x1536":false,"2048x2048":false,"trp-custom-language-flag":false},"uagb_author_info":{"display_name":"hieule9999","author_link":"https:\/\/tranincometax.com\/en\/author\/hieule9999\/"},"uagb_comment_info":0,"uagb_excerpt":"Gi\u1edbi Thi\u1ec7u Ch\u00fang t\u00f4i t\u1ef1 h\u00e0o l\u00e0 m\u1ed9t trong nh\u1eefng c\u00f4ng ty t\u00e0i ch\u00ednh h\u00e0ng \u0111\u1ea7u t\u1ea1i M\u1ef9, chuy\u00ean cung [&hellip;]","_links":{"self":[{"href":"https:\/\/tranincometax.com\/en\/wp-json\/wp\/v2\/pages\/282","targetHints":{"allow":["GET"]}}],"collection":[{"href":"https:\/\/tranincometax.com\/en\/wp-json\/wp\/v2\/pages"}],"about":[{"href":"https:\/\/tranincometax.com\/en\/wp-json\/wp\/v2\/types\/page"}],"author":[{"embeddable":true,"href":"https:\/\/tranincometax.com\/en\/wp-json\/wp\/v2\/users\/1"}],"replies":[{"embeddable":true,"href":"https:\/\/tranincometax.com\/en\/wp-json\/wp\/v2\/comments?post=282"}],"version-history":[{"count":3,"href":"https:\/\/tranincometax.com\/en\/wp-json\/wp\/v2\/pages\/282\/revisions"}],"predecessor-version":[{"id":624,"href":"https:\/\/tranincometax.com\/en\/wp-json\/wp\/v2\/pages\/282\/revisions\/624"}],"wp:attachment":[{"href":"https:\/\/tranincometax.com\/en\/wp-json\/wp\/v2\/media?parent=282"}],"curies":[{"name":"wp","href":"https:\/\/api.w.org\/{rel}","templated":true}]}}